{"id":165,"date":"2008-03-22T17:25:32","date_gmt":"2008-03-22T22:25:32","guid":{"rendered":"http:\/\/eljeffto.com\/participaciones\/"},"modified":"2014-07-08T18:19:03","modified_gmt":"2014-07-08T23:19:03","slug":"participaciones","status":"publish","type":"page","link":"https:\/\/eljeffto.com\/?page_id=165","title":{"rendered":"Participaciones"},"content":{"rendered":"<h3>PARTICIPACIONES<\/h3>\n<p>A continuaci\u00f3n se puede encontrar el listado de participaciones en eventos nacionales e internacionales como ponente y conferencista:<\/p>\n<table border=\"0\" frame=\"VOID\" rules=\"NONE\" cellspacing=\"0\">\n<colgroup>\n<col width=\"613\" \/>\n<col width=\"593\" \/>\n<col width=\"86\" \/> <\/colgroup>\n<tbody>\n<tr>\n<td align=\"CENTER\" width=\"613\" height=\"19\"><span style=\"font-family: Arial;\">Conferencia\/Taller\/Workshop<\/span><\/td>\n<td align=\"CENTER\" width=\"593\"><span style=\"font-family: Arial;\">Lugar<\/span><\/td>\n<td align=\"CENTER\" width=\"86\"><span style=\"font-family: Arial;\">A\u00f1o<\/span><\/td>\n<\/tr>\n<tr>\n<td align=\"LEFT\" height=\"19\"><span style=\"font-family: Arial;\">Introducci\u00f3n al Software Libre<\/span><\/td>\n<td align=\"LEFT\"><span style=\"font-family: Arial;\">Academia Militar Mariscal Sucre<\/span><\/td>\n<td align=\"RIGHT\"><span style=\"font-family: Arial;\">2005<\/span><\/td>\n<\/tr>\n<tr>\n<td align=\"LEFT\" height=\"19\"><span style=\"font-family: Arial;\">La actualidad del Software Libre<\/span><\/td>\n<td align=\"LEFT\"><span style=\"font-family: Arial;\">Gimnasio Fidel Cano<\/span><\/td>\n<td align=\"RIGHT\"><span style=\"font-family: Arial;\">2005<\/span><\/td>\n<\/tr>\n<tr>\n<td align=\"LEFT\" height=\"19\"><span style=\"font-family: Arial;\">La actualidad del Software Libre<\/span><\/td>\n<td align=\"LEFT\"><span style=\"font-family: Arial;\">Colegio Biling\u00fce Clermont<\/span><\/td>\n<td align=\"RIGHT\"><span style=\"font-family: Arial;\">2005<\/span><\/td>\n<\/tr>\n<tr>\n<td align=\"LEFT\" height=\"19\"><span style=\"font-family: Arial;\">Introducci\u00f3n al Software Libre<\/span><\/td>\n<td align=\"LEFT\"><span style=\"font-family: Arial;\">Colegio Nacional Nicolas Esguerra<\/span><\/td>\n<td align=\"RIGHT\"><span style=\"font-family: Arial;\">2005<\/span><\/td>\n<\/tr>\n<tr>\n<td align=\"LEFT\" height=\"19\"><span style=\"font-family: Arial;\">Mapas mentales con Software Libre<\/span><\/td>\n<td align=\"LEFT\"><span style=\"font-family: Arial;\">Colegio Nueva Ciencia<\/span><\/td>\n<td align=\"RIGHT\"><span style=\"font-family: Arial;\">2005<\/span><\/td>\n<\/tr>\n<tr>\n<td align=\"LEFT\" height=\"19\"><span style=\"font-family: Arial;\">Las soluciones del software libre para dise\u00f1o gr\u00e1fico y la publicidad<\/span><\/td>\n<td align=\"LEFT\"><span style=\"font-family: Arial;\">FESTIVAL GNU\/LINUX Universidad Universidad Tecnol\u00f3gica de Pereira \u2013 Pereira<\/span><\/td>\n<td align=\"RIGHT\"><span style=\"font-family: Arial;\">2005<\/span><\/td>\n<\/tr>\n<tr>\n<td align=\"LEFT\" height=\"19\"><span style=\"font-family: Arial;\">Las soluciones del software libre para dise\u00f1o gr\u00e1fico y la publicidad<\/span><\/td>\n<td align=\"LEFT\"><span style=\"font-family: Arial;\">IV Semana Linux Universidad Distrital \u2013 Bogot\u00e1<\/span><\/td>\n<td align=\"RIGHT\"><span style=\"font-family: Arial;\">2005<\/span><\/td>\n<\/tr>\n<tr>\n<td align=\"LEFT\" height=\"19\"><span style=\"font-family: Arial;\">El proceso del software libre en la educaci\u00f3n<\/span><\/td>\n<td align=\"LEFT\"><span style=\"font-family: Arial;\">IV Semana Linux Universidad Distrital \u2013 Bogot\u00e1<\/span><\/td>\n<td align=\"RIGHT\"><span style=\"font-family: Arial;\">2005<\/span><\/td>\n<\/tr>\n<tr>\n<td align=\"LEFT\" height=\"19\"><span style=\"font-family: Arial;\">El proceso del software libre en la educaci\u00f3n<\/span><\/td>\n<td align=\"LEFT\"><span style=\"font-family: Arial;\">Universidad Nacional de Colombia<\/span><\/td>\n<td align=\"RIGHT\"><span style=\"font-family: Arial;\">2006<\/span><\/td>\n<\/tr>\n<tr>\n<td align=\"LEFT\" height=\"19\"><span style=\"font-family: Arial;\">Introducci\u00f3n al Software Libre<\/span><\/td>\n<td align=\"LEFT\"><span style=\"font-family: Arial;\">Universidad de Cundinamarca<\/span><\/td>\n<td align=\"RIGHT\"><span style=\"font-family: Arial;\">2006<\/span><\/td>\n<\/tr>\n<tr>\n<td align=\"LEFT\" height=\"19\"><span style=\"font-family: Arial;\">El proceso del software libre en la educaci\u00f3n<\/span><\/td>\n<td align=\"LEFT\"><span style=\"font-family: Arial;\">Universidad Antonio Nari\u00f1o (Sede Neiva)<\/span><\/td>\n<td align=\"RIGHT\"><span style=\"font-family: Arial;\">2006<\/span><\/td>\n<\/tr>\n<tr>\n<td align=\"LEFT\" height=\"19\"><span style=\"font-family: Arial;\">La actualidad del Software Libre<\/span><\/td>\n<td align=\"LEFT\"><span style=\"font-family: Arial;\">Escuela Colombiana de Carreras Industriales<\/span><\/td>\n<td align=\"RIGHT\"><span style=\"font-family: Arial;\">2006<\/span><\/td>\n<\/tr>\n<tr>\n<td align=\"LEFT\" height=\"19\"><span style=\"font-family: Arial;\">Software Libre en la educaci\u00f3n<\/span><\/td>\n<td align=\"LEFT\"><span style=\"font-family: Arial;\">Festival Latinoamericano de Software Libre \u2013 Bucaramanga<\/span><\/td>\n<td align=\"RIGHT\"><span style=\"font-family: Arial;\">2006<\/span><\/td>\n<\/tr>\n<tr>\n<td align=\"LEFT\" height=\"19\"><span style=\"font-family: Arial;\">OpenApps y Essentia Libre un modelos de desarrollo en torno a la comunidad<\/span><\/td>\n<td align=\"LEFT\"><span style=\"font-family: Arial;\">V Semana Linux Universidad Distrital \u2013 Bogot\u00e1<\/span><\/td>\n<td align=\"RIGHT\"><span style=\"font-family: Arial;\">2006<\/span><\/td>\n<\/tr>\n<tr>\n<td align=\"LEFT\" height=\"19\"><span style=\"font-family: Arial;\">Las soluciones del software libre para dise\u00f1o gr\u00e1fico y la publicidad<\/span><\/td>\n<td align=\"LEFT\"><span style=\"font-family: Arial;\">Segundo Congreso Nacional de Software Libre \u2013 Caracas -Venezuela<\/span><\/td>\n<td align=\"RIGHT\"><span style=\"font-family: Arial;\">2006<\/span><\/td>\n<\/tr>\n<tr>\n<td align=\"LEFT\" height=\"19\"><span style=\"font-family: Arial;\">Un nuevo modelo educativo basado en tecnolog\u00edas libres y estandares abiertos<\/span><\/td>\n<td align=\"LEFT\"><span style=\"font-family: Arial;\">Segundo Congreso Nacional de Software Libre \u2013 Caracas -Venezuela<\/span><\/td>\n<td align=\"RIGHT\"><span style=\"font-family: Arial;\">2006<\/span><\/td>\n<\/tr>\n<tr>\n<td align=\"LEFT\" height=\"19\"><span style=\"font-family: Arial;\">Un nuevo modelo educativo basado en tecnolog\u00edas libres y estandares abiertos<\/span><\/td>\n<td align=\"LEFT\"><span style=\"font-family: Arial;\">IV Foro Mundial de Conocimiento Libre \u2013 Matur\u00edn \u2013 Venezuela<\/span><\/td>\n<td align=\"RIGHT\"><span style=\"font-family: Arial;\">2006<\/span><\/td>\n<\/tr>\n<tr>\n<td align=\"LEFT\" height=\"19\"><span style=\"font-family: Arial;\">OpenApps y Essentia Libre un modelo de desarrollo en torno a la comunidad<\/span><\/td>\n<td align=\"LEFT\"><span style=\"font-family: Arial;\">Escuela Colombiana de Carreras Industriales<\/span><\/td>\n<td align=\"RIGHT\"><span style=\"font-family: Arial;\">2007<\/span><\/td>\n<\/tr>\n<tr>\n<td align=\"LEFT\" height=\"19\"><span style=\"font-family: Arial;\">Un modelo educativo basado en tecnolog\u00edas libres y conocimiento libre<\/span><\/td>\n<td align=\"LEFT\"><span style=\"font-family: Arial;\">I Congreso Nacional de Tecnolog\u00edas de la Informaci\u00f3n en la Educaci\u00f3n \u2013 EDUTIC 2007<\/span><\/td>\n<td align=\"RIGHT\"><span style=\"font-family: Arial;\">2007<\/span><\/td>\n<\/tr>\n<tr>\n<td align=\"LEFT\" height=\"19\"><span style=\"font-family: Arial;\">El proceso de documentaci\u00f3n, internacionalizaci\u00f3n y traducci\u00f3n en torno al software libre<\/span><\/td>\n<td align=\"LEFT\"><span style=\"font-family: Arial;\">VII Congreso Expotecnolog\u00eda 2007 \u2013 Universidad Valle de Momboy &#8211; Venezuela<\/span><\/td>\n<td align=\"RIGHT\"><span style=\"font-family: Arial;\">2007<\/span><\/td>\n<\/tr>\n<tr>\n<td align=\"LEFT\" height=\"19\"><span style=\"font-family: Arial;\">OpenApps y Essentia Libre un modelos de desarrollo en torno a la comunidad<\/span><\/td>\n<td align=\"LEFT\"><span style=\"font-family: Arial;\">Universidad San Martin<\/span><\/td>\n<td align=\"RIGHT\"><span style=\"font-family: Arial;\">2007<\/span><\/td>\n<\/tr>\n<tr>\n<td align=\"LEFT\" height=\"19\"><span style=\"font-family: Arial;\">Educaci\u00f3n con Software Libre<\/span><\/td>\n<td align=\"LEFT\"><span style=\"font-family: Arial;\">VII Congreso Expotecnolog\u00eda 2007 \u2013 Universidad Valle de Momboy &#8211; Venezuela<\/span><\/td>\n<td align=\"RIGHT\"><span style=\"font-family: Arial;\">2007<\/span><\/td>\n<\/tr>\n<tr>\n<td align=\"LEFT\" valign=\"TOP\" height=\"19\"><span style=\"font-family: Arial;\">Essentia Libre, la revista colombiana de las tecnolog\u00edas libres<\/span><\/td>\n<td align=\"LEFT\" valign=\"TOP\"><span style=\"font-family: Arial;\">EDUSOL 2007<\/span><\/td>\n<td align=\"RIGHT\" valign=\"TOP\"><span style=\"font-family: Arial;\">2007<\/span><\/td>\n<\/tr>\n<tr>\n<td align=\"LEFT\" height=\"19\"><span style=\"font-family: Arial;\">KDE 4.1 se libre<\/span><\/td>\n<td align=\"LEFT\"><span style=\"font-family: Arial;\">VII Semana Linux Universidad Distrital \u2013 Bogot\u00e1<\/span><\/td>\n<td align=\"RIGHT\"><span style=\"font-family: Arial;\">2008<\/span><\/td>\n<\/tr>\n<tr>\n<td align=\"LEFT\" valign=\"TOP\" height=\"19\"><span style=\"font-family: Arial;\">Un nuevo modelo educativo basado en tecnolog\u00edas libres y estandares abiertos<\/span><\/td>\n<td align=\"LEFT\" valign=\"TOP\"><span style=\"font-family: Arial;\">CONSOL 2008<\/span><\/td>\n<td align=\"RIGHT\" valign=\"TOP\"><span style=\"font-family: Arial;\">2008<\/span><\/td>\n<\/tr>\n<tr>\n<td align=\"LEFT\" height=\"19\"><span style=\"font-family: Arial;\">Taller Blog paso a paso<\/span><\/td>\n<td align=\"LEFT\"><span style=\"font-family: Arial;\">Campus Party Colombia<\/span><\/td>\n<td align=\"RIGHT\"><span style=\"font-family: Arial;\">2008<\/span><\/td>\n<\/tr>\n<tr>\n<td align=\"LEFT\" height=\"19\"><span style=\"font-family: Arial;\">Haciendo prensa con Software Libre<\/span><\/td>\n<td align=\"LEFT\"><span style=\"font-family: Arial;\">Campus Party Colombia<\/span><\/td>\n<td align=\"RIGHT\"><span style=\"font-family: Arial;\">2008<\/span><\/td>\n<\/tr>\n<tr>\n<td align=\"LEFT\" height=\"19\"><span style=\"font-family: Arial;\">Introducci\u00f3n a OpenSolaris<\/span><\/td>\n<td align=\"LEFT\"><span style=\"font-family: Arial;\">Universidad San Martin<\/span><\/td>\n<td align=\"RIGHT\"><span style=\"font-family: Arial;\">2008<\/span><\/td>\n<\/tr>\n<tr>\n<td align=\"LEFT\" height=\"19\"><span style=\"font-family: Arial;\">Introducci\u00f3n a la virtualizaci\u00f3n<\/span><\/td>\n<td align=\"LEFT\"><span style=\"font-family: Arial;\">Universidad Distrital Francisco Jos\u00e9 de Caldas<\/span><\/td>\n<td align=\"RIGHT\"><span style=\"font-family: Arial;\">2008<\/span><\/td>\n<\/tr>\n<tr>\n<td align=\"LEFT\" height=\"19\"><span style=\"font-family: Arial;\">Introducci\u00f3n a la virtualizaci\u00f3n<\/span><\/td>\n<td align=\"LEFT\"><span style=\"font-family: Arial;\">SENA Tunja \u2013 SUN Day<\/span><\/td>\n<td align=\"RIGHT\"><span style=\"font-family: Arial;\">2008<\/span><\/td>\n<\/tr>\n<tr>\n<td align=\"LEFT\" height=\"19\"><span style=\"font-family: Arial;\">Introducci\u00f3n a OpenSolaris<\/span><\/td>\n<td align=\"LEFT\"><span style=\"font-family: Arial;\">Campus Party Colombia<\/span><\/td>\n<td align=\"RIGHT\"><span style=\"font-family: Arial;\">2008<\/span><\/td>\n<\/tr>\n<tr>\n<td align=\"LEFT\" height=\"19\"><span style=\"font-family: Arial;\">Introducci\u00f3n a la virtualizaci\u00f3n<\/span><\/td>\n<td align=\"LEFT\"><span style=\"font-family: Arial;\">OpenFest Universidad San Buenaventura<\/span><\/td>\n<td align=\"RIGHT\"><span style=\"font-family: Arial;\">2008<\/span><\/td>\n<\/tr>\n<tr>\n<td align=\"LEFT\" height=\"19\"><span style=\"font-family: Arial;\">Introducci\u00f3n a Opensolaris<\/span><\/td>\n<td align=\"LEFT\"><span style=\"font-family: Arial;\">SENA Chia <\/span><\/td>\n<td align=\"RIGHT\"><span style=\"font-family: Arial;\">2008<\/span><\/td>\n<\/tr>\n<tr>\n<td align=\"LEFT\" height=\"19\"><span style=\"font-family: Arial;\">Seguridad en OpenSolaris<\/span><\/td>\n<td align=\"LEFT\"><span style=\"font-family: Arial;\">Universidad Distrital Francisco Jos\u00e9 de Caldas \u2013 Grupo Investigaci\u00f3n COLCSIRT<\/span><\/td>\n<td align=\"RIGHT\"><span style=\"font-family: Arial;\">2008<\/span><\/td>\n<\/tr>\n<tr>\n<td align=\"LEFT\" height=\"19\"><span style=\"font-family: Arial;\">Seguridad en OpenSolaris<\/span><\/td>\n<td align=\"LEFT\"><span style=\"font-family: Arial;\">INSUTEC<\/span><\/td>\n<td align=\"RIGHT\"><span style=\"font-family: Arial;\">2008<\/span><\/td>\n<\/tr>\n<tr>\n<td align=\"LEFT\" height=\"19\"><span style=\"font-family: Arial;\">Introducci\u00f3n a OpenSolaris<\/span><\/td>\n<td align=\"LEFT\"><span style=\"font-family: Arial;\">CIDCA<\/span><\/td>\n<td align=\"RIGHT\"><span style=\"font-family: Arial;\">2008<\/span><\/td>\n<\/tr>\n<tr>\n<td align=\"LEFT\" height=\"19\"><span style=\"font-family: Arial;\">Seguridad en OpenSolaris<\/span><\/td>\n<td align=\"LEFT\"><span style=\"font-family: Arial;\">Universidad Pontificia de Bucaramanga<\/span><\/td>\n<td align=\"RIGHT\"><span style=\"font-family: Arial;\">2008<\/span><\/td>\n<\/tr>\n<tr>\n<td align=\"LEFT\" height=\"19\"><span style=\"font-family: Arial;\">Virtualizaci\u00f3n con software libre<\/span><\/td>\n<td align=\"LEFT\"><span style=\"font-family: Arial;\">Jornadas de Software Libre \u2013 Bucaramanga<\/span><\/td>\n<td align=\"RIGHT\"><span style=\"font-family: Arial;\">2008<\/span><\/td>\n<\/tr>\n<tr>\n<td align=\"LEFT\" height=\"19\"><span style=\"font-family: Arial;\">Redes Sociales con Software Libre<\/span><\/td>\n<td align=\"LEFT\"><span style=\"font-family: Arial;\">UNITEC<\/span><\/td>\n<td align=\"RIGHT\"><span style=\"font-family: Arial;\">2008<\/span><\/td>\n<\/tr>\n<tr>\n<td align=\"LEFT\" height=\"19\"><span style=\"font-family: Arial;\">Las soluciones del software libre para dise\u00f1o gr\u00e1fico y la publicidad<\/span><\/td>\n<td align=\"LEFT\"><span style=\"font-family: Arial;\">UNITEC<\/span><\/td>\n<td align=\"RIGHT\"><span style=\"font-family: Arial;\">2008<\/span><\/td>\n<\/tr>\n<tr>\n<td align=\"LEFT\" height=\"19\"><span style=\"font-family: Arial;\">Mensajer\u00eda instant\u00e1nea: m\u00e1s all\u00e1 de los emoticones<\/span><\/td>\n<td align=\"LEFT\"><span style=\"font-family: Arial;\">Campus Party Colombia<\/span><\/td>\n<td align=\"RIGHT\"><span style=\"font-family: Arial;\">2009<\/span><\/td>\n<\/tr>\n<tr>\n<td align=\"LEFT\" height=\"19\"><span style=\"font-family: Arial;\">OpenSolaris y las tecnolog\u00edas SUN<\/span><\/td>\n<td align=\"LEFT\"><span style=\"font-family: Arial;\">Universidad INCCA<\/span><\/td>\n<td align=\"RIGHT\"><span style=\"font-family: Arial;\">2009<\/span><\/td>\n<\/tr>\n<tr>\n<td align=\"LEFT\" height=\"19\"><span style=\"font-family: Arial;\">Introducci\u00f3n a OpenSolaris<\/span><\/td>\n<td align=\"LEFT\"><span style=\"font-family: Arial;\">Tardes t\u00e9cnicas de Opensolaris \u2013 Tecnoparque<\/span><\/td>\n<td align=\"RIGHT\"><span style=\"font-family: Arial;\">2009<\/span><\/td>\n<\/tr>\n<tr>\n<td align=\"LEFT\" height=\"19\"><span style=\"font-family: Arial;\">Seguridad y Bastionado de OpenSolaris<\/span><\/td>\n<td align=\"LEFT\"><span style=\"font-family: Arial;\">Tardes t\u00e9cnicas de Opensolaris \u2013 Tecnoparque<\/span><\/td>\n<td align=\"RIGHT\"><span style=\"font-family: Arial;\">2009<\/span><\/td>\n<\/tr>\n<tr>\n<td align=\"LEFT\" height=\"19\"><span style=\"font-family: Arial;\">Un modelo educativo basado en tecnologias libre<\/span><\/td>\n<td align=\"LEFT\"><span style=\"font-family: Arial;\">Primer congreso de software libre en la educaci\u00f3n &#8211; Duitama<\/span><\/td>\n<td align=\"RIGHT\"><span style=\"font-family: Arial;\">2009<\/span><\/td>\n<\/tr>\n<tr>\n<td align=\"LEFT\" height=\"19\"><span style=\"font-family: Arial;\">Metodolog\u00edas \u00e1giles para creaci\u00f3n de planes y pol\u00edticas de seguridad.<\/span><\/td>\n<td align=\"LEFT\"><span style=\"font-family: Arial;\">Campus Party Colombia<\/span><\/td>\n<td align=\"RIGHT\"><span style=\"font-family: Arial;\">2010<\/span><\/td>\n<\/tr>\n<tr>\n<td align=\"LEFT\" height=\"19\"><span style=\"font-family: Arial;\">Siguiendo la senda del sysadmin<\/span><\/td>\n<td align=\"LEFT\"><span style=\"font-family: Arial;\"> Tercera Semana de Ingenier\u00eda de Sistemas de la Universidad Distrital<\/span><\/td>\n<td align=\"RIGHT\"><span style=\"font-family: Arial;\">2010<\/span><\/td>\n<\/tr>\n<tr>\n<td align=\"LEFT\" height=\"19\"><span style=\"font-family: Arial;\">Software Libre <\/span><\/td>\n<td align=\"LEFT\"><span style=\"font-family: Arial;\">1er Encuentro Regional de Tecnolog\u00edas de la Informaci\u00f3n y la comunicaci\u00f3n TICs<\/span><\/td>\n<td align=\"RIGHT\"><span style=\"font-family: Arial;\">2010<\/span><\/td>\n<\/tr>\n<tr>\n<td align=\"LEFT\" height=\"19\"><span style=\"font-family: Arial;\">Linux Terminal<\/span><\/td>\n<td align=\"LEFT\"><span style=\"font-family: Arial;\">Software Freedom Day 2010 Bogot\u00e1<\/span><\/td>\n<td align=\"RIGHT\"><span style=\"font-family: Arial;\">2010<\/span><\/td>\n<\/tr>\n<tr>\n<td align=\"LEFT\" height=\"19\"><span style=\"font-family: Arial;\">Conquistando y administrando MySQL<\/span><\/td>\n<td align=\"LEFT\"><span style=\"font-family: Arial;\">Software Freedom Day 2010 Bogot\u00e1<\/span><\/td>\n<td align=\"RIGHT\"><span style=\"font-family: Arial;\">2010<\/span><\/td>\n<\/tr>\n<tr>\n<td align=\"LEFT\" height=\"19\"><span style=\"font-family: Arial;\">Hacking \u00e9tico y buenas pr\u00e1cticas de seguridad en desarrollo<\/span><\/td>\n<td align=\"LEFT\"><span style=\"font-family: Arial;\">Cap\u00edtulo desarrollo Web ACM &#8211; Universidad Distrital<\/span><\/td>\n<td align=\"RIGHT\"><span style=\"font-family: Arial;\">2010<\/span><\/td>\n<\/tr>\n<tr>\n<td align=\"LEFT\" height=\"19\"><span style=\"font-family: Arial;\">MySQL M\u00c1S ALL\u00c1 DE UNA \u201cPEQUE\u00d1A\u201d BASE DE DATOS<\/span><\/td>\n<td align=\"LEFT\"><span style=\"font-family: Arial;\">Barcamp C\u00facuta<\/span><\/td>\n<td align=\"RIGHT\"><span style=\"font-family: Arial;\">2010<\/span><\/td>\n<\/tr>\n<tr>\n<td align=\"LEFT\" height=\"19\"><span style=\"font-family: Arial;\">SOLARIS, UN SISTEMA OPERATIVO CON VITAMINAS<\/span><\/td>\n<td align=\"LEFT\"><span style=\"font-family: Arial;\">Barcamp C\u00facuta<\/span><\/td>\n<td align=\"RIGHT\"><span style=\"font-family: Arial;\">2010<\/span><\/td>\n<\/tr>\n<tr>\n<td align=\"LEFT\" height=\"19\"><span style=\"font-family: Arial;\">Entornos de hacking y pentesting de bolsillo<\/span><\/td>\n<td align=\"LEFT\"><span style=\"font-family: Arial;\">Barcamp Security Bogot\u00e1<\/span><\/td>\n<td align=\"RIGHT\"><span style=\"font-family: Arial;\">2010<\/span><\/td>\n<\/tr>\n<tr>\n<td align=\"LEFT\" height=\"19\"><span style=\"font-family: Arial;\">Seguridad en desarrollo de aplicaciones Web<\/span><\/td>\n<td align=\"LEFT\"><span style=\"font-family: Arial;\">Jornada de conferencias ACM UD<\/span><\/td>\n<td align=\"RIGHT\"><span style=\"font-family: Arial;\">2011<\/span><\/td>\n<\/tr>\n<tr>\n<td align=\"LEFT\" height=\"19\"><span style=\"font-family: Arial;\">Infraestructura de tecnolog\u00eda con c\u00f3digo abierto<\/span><\/td>\n<td align=\"LEFT\"><span style=\"font-family: Arial;\">FLISoL Bogot\u00e1 2011<\/span><\/td>\n<td align=\"RIGHT\"><span style=\"font-family: Arial;\">2011<\/span><\/td>\n<\/tr>\n<tr>\n<td align=\"LEFT\" height=\"19\"><span style=\"font-family: Arial;\">La Seguridad de la informaci\u00f3n a nivel gubernamental y de estado<\/span><\/td>\n<td align=\"LEFT\"><span style=\"font-family: Arial;\">Panel Internacional de Seguridad de la Informaci\u00f3n &#8211; Ecuador<\/span><\/td>\n<td align=\"RIGHT\"><span style=\"font-family: Arial;\">2011<\/span><\/td>\n<\/tr>\n<tr>\n<td align=\"LEFT\" height=\"19\"><span style=\"font-family: Arial;\">Ingenier\u00eda Social &#8211; Hackeando la mente humana<\/span><\/td>\n<td align=\"LEFT\"><span style=\"font-family: Arial;\">HackxColombia Bogota<\/span><\/td>\n<td align=\"RIGHT\"><span style=\"font-family: Arial;\">2011<\/span><\/td>\n<\/tr>\n<tr>\n<td align=\"LEFT\" height=\"19\"><span style=\"font-family: Arial;\">Ingenier\u00eda social &#8211; atacando el eslab\u00f3n m\u00e1s d\u00e9bil de la cadena<\/span><\/td>\n<td align=\"LEFT\"><span style=\"font-family: Arial;\">Seminario Internacional Seguridad de la Informaci\u00f3n: nuevos retos<\/span><\/td>\n<td align=\"RIGHT\"><span style=\"font-family: Arial;\">2011<\/span><\/td>\n<\/tr>\n<tr>\n<td align=\"LEFT\" height=\"19\"><span style=\"font-family: Arial;\">Metodologia \u00e1gil para implementaci\u00f3n de ISO 27001<\/span><\/td>\n<td align=\"LEFT\"><span style=\"font-family: Arial;\">CIBSI2011<\/span><\/td>\n<td align=\"RIGHT\"><span style=\"font-family: Arial;\">2011<\/span><\/td>\n<\/tr>\n<tr>\n<td align=\"LEFT\" height=\"19\"><span style=\"font-family: Arial;\">Enga\u00f1o y distracci\u00f3n, magia y hacking<\/span><\/td>\n<td align=\"LEFT\"><span style=\"font-family: Arial;\">Barcamp Seg 2011<\/span><\/td>\n<td align=\"RIGHT\"><span style=\"font-family: Arial;\">2011<\/span><\/td>\n<\/tr>\n<tr>\n<td align=\"LEFT\" height=\"19\"><span style=\"font-family: Arial;\">Smartphones como vector de ataque emergente en ingenieria social<\/span><\/td>\n<td align=\"LEFT\"><span style=\"font-family: Arial;\">Security Zone 2012<\/span><\/td>\n<td align=\"RIGHT\"><span style=\"font-family: Arial;\">2012<\/span><\/td>\n<\/tr>\n<tr>\n<td align=\"LEFT\" height=\"19\"><span style=\"font-family: Arial;\">El desarrollo seguro tambi\u00e9n aplica para plataformas m\u00f3viles<\/span><\/td>\n<td align=\"LEFT\"><span style=\"font-family: Arial;\">OWASP Latam Tour 2013<\/span><\/td>\n<td align=\"RIGHT\"><span style=\"font-family: Arial;\">2013<\/span><\/td>\n<\/tr>\n<\/tbody>\n<\/table>\n","protected":false},"excerpt":{"rendered":"<p>PARTICIPACIONES A continuaci\u00f3n se puede encontrar el listado de participaciones en eventos nacionales e internacionales como ponente y conferencista: Conferencia\/Taller\/Workshop Lugar A\u00f1o Introducci\u00f3n al Software Libre Academia Militar Mariscal Sucre 2005 La actualidad del Software Libre Gimnasio Fidel Cano 2005 La actualidad del Software Libre Colegio Biling\u00fce Clermont 2005 Introducci\u00f3n al Software Libre Colegio Nacional &#8230; <span class=\"more\"><a class=\"more-link\" href=\"https:\/\/eljeffto.com\/?page_id=165\">[Read more&#8230;]<\/a><\/span><\/p>\n","protected":false},"author":2,"featured_media":0,"parent":0,"menu_order":0,"comment_status":"closed","ping_status":"closed","template":"","meta":{"footnotes":""},"class_list":["entry","page","publish","author-jeffto","post-165"],"_links":{"self":[{"href":"https:\/\/eljeffto.com\/index.php?rest_route=\/wp\/v2\/pages\/165","targetHints":{"allow":["GET"]}}],"collection":[{"href":"https:\/\/eljeffto.com\/index.php?rest_route=\/wp\/v2\/pages"}],"about":[{"href":"https:\/\/eljeffto.com\/index.php?rest_route=\/wp\/v2\/types\/page"}],"author":[{"embeddable":true,"href":"https:\/\/eljeffto.com\/index.php?rest_route=\/wp\/v2\/users\/2"}],"replies":[{"embeddable":true,"href":"https:\/\/eljeffto.com\/index.php?rest_route=%2Fwp%2Fv2%2Fcomments&post=165"}],"version-history":[{"count":17,"href":"https:\/\/eljeffto.com\/index.php?rest_route=\/wp\/v2\/pages\/165\/revisions"}],"predecessor-version":[{"id":1466,"href":"https:\/\/eljeffto.com\/index.php?rest_route=\/wp\/v2\/pages\/165\/revisions\/1466"}],"wp:attachment":[{"href":"https:\/\/eljeffto.com\/index.php?rest_route=%2Fwp%2Fv2%2Fmedia&parent=165"}],"curies":[{"name":"wp","href":"https:\/\/api.w.org\/{rel}","templated":true}]}}